{"id":6226,"date":"2026-01-27T11:45:35","date_gmt":"2026-01-27T16:45:35","guid":{"rendered":"https:\/\/newprotg.wpenginepowered.com\/?page_id=6226"},"modified":"2026-02-17T14:00:36","modified_gmt":"2026-02-17T19:00:36","slug":"conditions-de-vente-eu","status":"publish","type":"page","link":"https:\/\/www.theprotechgroup.com\/fr\/conditions-de-vente-eu\/","title":{"rendered":"Conditions de vente"},"content":{"rendered":"\n<h2 class=\"wp-block-heading\" id=\"h-download-our-european-sales-conditions\">T\u00e9l\u00e9chargez nos conditions de vente europ\u00e9ennes<\/h2>\n\n<div style=\"height:50px\" aria-hidden=\"true\" class=\"wp-block-spacer\"><\/div>\n\n<p>Nos conditions de vente europ\u00e9ennes r\u00e9gissent la vente des produits Protech \u00e0 travers l\u2019Europe. Elles pr\u00e9cisent les modalit\u00e9s relatives aux commandes, aux prix, \u00e0 la livraison, aux conditions de paiement et \u00e0 la responsabilit\u00e9 applicables aux transactions sur les march\u00e9s europ\u00e9ens. Ces conditions sont disponibles en t\u00e9l\u00e9chargement ci-dessous en six langues diff\u00e9rentes.  <\/p>\n\n<div style=\"height:50px\" aria-hidden=\"true\" class=\"wp-block-spacer\"><\/div>\n\n<hr class=\"wp-block-separator has-alpha-channel-opacity\"\/>\n\n<div style=\"height:40px\" aria-hidden=\"true\" class=\"wp-block-spacer\"><\/div>\n\n<div class=\"wp-block-columns is-layout-flex wp-container-core-columns-is-layout-9d6595d7 wp-block-columns-is-layout-flex\">\n<div class=\"wp-block-column is-layout-flow wp-block-column-is-layout-flow\">\n<div class=\"wp-block-buttons is-content-justification-center is-layout-flex wp-container-core-buttons-is-layout-16018d1d wp-block-buttons-is-layout-flex\">\n<div class=\"wp-block-button has-custom-width wp-block-button__width-100\"><a class=\"wp-block-button__link wp-element-button\" href=\"https:\/\/www.theprotechgroup.com\/wp-content\/uploads\/2026\/01\/EU-Sales-Conditions-EN.pdf\"><strong>Conditions de vente \u2013 UE (EN)<\/strong><\/a><\/div>\n<\/div>\n<\/div>\n\n\n\n<div class=\"wp-block-column is-layout-flow wp-block-column-is-layout-flow\">\n<div class=\"wp-block-buttons is-content-justification-center is-layout-flex wp-container-core-buttons-is-layout-16018d1d wp-block-buttons-is-layout-flex\">\n<div class=\"wp-block-button has-custom-width wp-block-button__width-100\"><a class=\"wp-block-button__link wp-element-button\" href=\"https:\/\/www.theprotechgroup.com\/wp-content\/uploads\/2026\/01\/EU-Sales-Conditions-FR.pdf\"><strong>Conditions de vente \u2013 UE (FR)<\/strong><\/a><\/div>\n<\/div>\n<\/div>\n\n\n\n<div class=\"wp-block-column is-layout-flow wp-block-column-is-layout-flow\">\n<div class=\"wp-block-buttons is-content-justification-center is-layout-flex wp-container-core-buttons-is-layout-16018d1d wp-block-buttons-is-layout-flex\">\n<div class=\"wp-block-button has-custom-width wp-block-button__width-100\"><a class=\"wp-block-button__link has-text-align-center wp-element-button\" href=\"https:\/\/www.theprotechgroup.com\/wp-content\/uploads\/2026\/01\/EU-Sales-Conditions-NL.pdf\"><strong>Conditions de vente \u2013 UE (NL)<\/strong><\/a><\/div>\n<\/div>\n<\/div>\n<\/div>\n\n<div style=\"height:40px\" aria-hidden=\"true\" class=\"wp-block-spacer\"><\/div>\n\n<hr class=\"wp-block-separator has-alpha-channel-opacity\"\/>\n\n<div style=\"height:40px\" aria-hidden=\"true\" class=\"wp-block-spacer\"><\/div>\n\n<div class=\"wp-block-columns is-layout-flex wp-container-core-columns-is-layout-9d6595d7 wp-block-columns-is-layout-flex\">\n<div class=\"wp-block-column is-layout-flow wp-block-column-is-layout-flow\">\n<div class=\"wp-block-buttons is-layout-flex wp-block-buttons-is-layout-flex\">\n<div class=\"wp-block-button has-custom-width wp-block-button__width-100\"><a class=\"wp-block-button__link wp-element-button\" href=\"https:\/\/www.theprotechgroup.com\/wp-content\/uploads\/2026\/01\/EU-Sales-Conditions-PL.pdf\"><strong>Conditions de vente \u2013 UE (PL)<\/strong><\/a><\/div>\n<\/div>\n<\/div>\n\n\n\n<div class=\"wp-block-column is-layout-flow wp-block-column-is-layout-flow\">\n<div class=\"wp-block-buttons is-layout-flex wp-block-buttons-is-layout-flex\">\n<div class=\"wp-block-button has-custom-width wp-block-button__width-100\"><a class=\"wp-block-button__link wp-element-button\" href=\"https:\/\/www.theprotechgroup.com\/wp-content\/uploads\/2026\/01\/EU-Sales-Conditions-CZ.pdf\"><strong>Conditions de vente \u2013 UE (CZ)<\/strong><\/a><\/div>\n<\/div>\n<\/div>\n\n\n\n<div class=\"wp-block-column is-layout-flow wp-block-column-is-layout-flow\">\n<div class=\"wp-block-buttons is-layout-flex wp-block-buttons-is-layout-flex\">\n<div class=\"wp-block-button has-custom-width wp-block-button__width-100\"><a class=\"wp-block-button__link wp-element-button\" href=\"&lt;!--[CDATA[https:\/\/www.theprotechgroup.com\/wp-content\/uploads\/2026\/01\/EU-Sales-Conditions-DE.pdf]]--&gt;\"><strong>Conditions de vente \u2013 UE (DE)<\/strong><\/a><\/div>\n<\/div>\n<\/div>\n<\/div>\n\n<div style=\"height:40px\" aria-hidden=\"true\" class=\"wp-block-spacer\"><\/div>\n\n<hr class=\"wp-block-separator has-alpha-channel-opacity\"\/>\n\n<div style=\"height:100px\" aria-hidden=\"true\" class=\"wp-block-spacer\"><\/div>\n","protected":false},"excerpt":{"rendered":"<p>T\u00e9l\u00e9chargez nos conditions de vente europ\u00e9ennes Nos conditions de vente europ\u00e9ennes r\u00e9gissent la vente des produits Protech \u00e0 travers l\u2019Europe. Elles pr\u00e9cisent les modalit\u00e9s relatives aux commandes, aux prix, \u00e0 [&hellip;]<\/p>\n","protected":false},"author":1,"featured_media":721,"parent":0,"menu_order":0,"comment_status":"closed","ping_status":"closed","template":"page-gutenberg.php","meta":{"_acf_changed":false,"_relevanssi_hide_post":"","_relevanssi_hide_content":"","_relevanssi_pin_for_all":"","_relevanssi_pin_keywords":"","_relevanssi_unpin_keywords":"","_relevanssi_related_keywords":"","_relevanssi_related_include_ids":"","_relevanssi_related_exclude_ids":"","_relevanssi_related_no_append":"","_relevanssi_related_not_related":"","_relevanssi_related_posts":"","_relevanssi_noindex_reason":"","_price":"","_stock":"","_tribe_ticket_header":"","_tribe_default_ticket_provider":"","_tribe_ticket_capacity":"0","_ticket_start_date":"","_ticket_end_date":"","_tribe_ticket_show_description":"","_tribe_ticket_show_not_going":false,"_tribe_ticket_use_global_stock":"","_tribe_ticket_global_stock_level":"","_global_stock_mode":"","_global_stock_cap":"","_tribe_rsvp_for_event":"","_tribe_ticket_going_count":"","_tribe_ticket_not_going_count":"","_tribe_tickets_list":"[]","_tribe_ticket_has_attendee_info_fields":false,"footnotes":"","_tec_slr_enabled":"","_tec_slr_layout":""},"class_list":["post-6226","page","type-page","status-publish","has-post-thumbnail","hentry"],"acf":[],"yoast_head":"<!-- This site is optimized with the Yoast SEO Premium plugin v27.4 (Yoast SEO v27.4) - https:\/\/yoast.com\/product\/yoast-seo-premium-wordpress\/ -->\n<title>Conditions de vente - Le Groupe Protech - Solutions de rev\u00eatements industriels<\/title>\n<meta name=\"robots\" content=\"index, follow, max-snippet:-1, max-image-preview:large, max-video-preview:-1\" \/>\n<link rel=\"canonical\" href=\"https:\/\/www.theprotechgroup.com\/fr\/conditions-de-vente-eu\/\" \/>\n<meta property=\"og:locale\" content=\"fr_FR\" \/>\n<meta property=\"og:type\" content=\"article\" \/>\n<meta property=\"og:title\" content=\"Conditions de vente\" \/>\n<meta property=\"og:description\" content=\"T\u00e9l\u00e9chargez nos conditions de vente europ\u00e9ennes Nos conditions de vente europ\u00e9ennes r\u00e9gissent la vente des produits Protech \u00e0 travers l\u2019Europe. Elles pr\u00e9cisent les modalit\u00e9s relatives aux commandes, aux prix, \u00e0 [&hellip;]\" \/>\n<meta property=\"og:url\" content=\"https:\/\/www.theprotechgroup.com\/fr\/conditions-de-vente-eu\/\" \/>\n<meta property=\"og:site_name\" content=\"Le Groupe Protech - Solutions de rev\u00eatements industriels\" \/>\n<meta property=\"article:modified_time\" content=\"2026-02-17T19:00:36+00:00\" \/>\n<meta property=\"og:image\" content=\"https:\/\/www.theprotechgroup.com\/wp-content\/uploads\/2025\/05\/Banner-Blue.jpg\" \/>\n\t<meta property=\"og:image:width\" content=\"1774\" \/>\n\t<meta property=\"og:image:height\" content=\"1163\" \/>\n\t<meta property=\"og:image:type\" content=\"image\/jpeg\" \/>\n<meta name=\"twitter:card\" content=\"summary_large_image\" \/>\n<script type=\"application\/ld+json\" class=\"yoast-schema-graph\">{\"@context\":\"https:\\\/\\\/schema.org\",\"@graph\":[{\"@type\":\"WebPage\",\"@id\":\"https:\\\/\\\/www.theprotechgroup.com\\\/fr\\\/conditions-de-vente-eu\\\/\",\"url\":\"https:\\\/\\\/www.theprotechgroup.com\\\/fr\\\/conditions-de-vente-eu\\\/\",\"name\":\"Conditions de vente - Le Groupe Protech - Solutions de rev\u00eatements industriels\",\"isPartOf\":{\"@id\":\"https:\\\/\\\/www.theprotechgroup.com\\\/fr\\\/#website\"},\"primaryImageOfPage\":{\"@id\":\"https:\\\/\\\/www.theprotechgroup.com\\\/fr\\\/conditions-de-vente-eu\\\/#primaryimage\"},\"image\":{\"@id\":\"https:\\\/\\\/www.theprotechgroup.com\\\/fr\\\/conditions-de-vente-eu\\\/#primaryimage\"},\"thumbnailUrl\":\"https:\\\/\\\/www.theprotechgroup.com\\\/wp-content\\\/uploads\\\/2025\\\/05\\\/Banner-Blue.jpg\",\"datePublished\":\"2026-01-27T16:45:35+00:00\",\"dateModified\":\"2026-02-17T19:00:36+00:00\",\"breadcrumb\":{\"@id\":\"https:\\\/\\\/www.theprotechgroup.com\\\/fr\\\/conditions-de-vente-eu\\\/#breadcrumb\"},\"inLanguage\":\"fr-FR\",\"potentialAction\":[{\"@type\":\"ReadAction\",\"target\":[\"https:\\\/\\\/www.theprotechgroup.com\\\/fr\\\/conditions-de-vente-eu\\\/\"]}]},{\"@type\":\"ImageObject\",\"inLanguage\":\"fr-FR\",\"@id\":\"https:\\\/\\\/www.theprotechgroup.com\\\/fr\\\/conditions-de-vente-eu\\\/#primaryimage\",\"url\":\"https:\\\/\\\/www.theprotechgroup.com\\\/wp-content\\\/uploads\\\/2025\\\/05\\\/Banner-Blue.jpg\",\"contentUrl\":\"https:\\\/\\\/www.theprotechgroup.com\\\/wp-content\\\/uploads\\\/2025\\\/05\\\/Banner-Blue.jpg\",\"width\":1774,\"height\":1163,\"caption\":\"Rev\u00eatements en poudre thermodurcissables\"},{\"@type\":\"BreadcrumbList\",\"@id\":\"https:\\\/\\\/www.theprotechgroup.com\\\/fr\\\/conditions-de-vente-eu\\\/#breadcrumb\",\"itemListElement\":[{\"@type\":\"ListItem\",\"position\":1,\"name\":\"Home\",\"item\":\"https:\\\/\\\/www.theprotechgroup.com\\\/fr\\\/\"},{\"@type\":\"ListItem\",\"position\":2,\"name\":\"Conditions de vente\"}]},{\"@type\":\"WebSite\",\"@id\":\"https:\\\/\\\/www.theprotechgroup.com\\\/fr\\\/#website\",\"url\":\"https:\\\/\\\/www.theprotechgroup.com\\\/fr\\\/\",\"name\":\"Protech Group Industrial Coating Solutions\",\"description\":\"Fabricant de rev\u00eatements en poudre, de rev\u00eatements liquides et de mat\u00e9riaux sp\u00e9cialis\u00e9s\",\"publisher\":{\"@id\":\"https:\\\/\\\/www.theprotechgroup.com\\\/fr\\\/#organization\"},\"potentialAction\":[{\"@type\":\"SearchAction\",\"target\":{\"@type\":\"EntryPoint\",\"urlTemplate\":\"https:\\\/\\\/www.theprotechgroup.com\\\/fr\\\/?s={search_term_string}\"},\"query-input\":{\"@type\":\"PropertyValueSpecification\",\"valueRequired\":true,\"valueName\":\"search_term_string\"}}],\"inLanguage\":\"fr-FR\"},{\"@type\":[\"Organization\",\"Place\"],\"@id\":\"https:\\\/\\\/www.theprotechgroup.com\\\/fr\\\/#organization\",\"name\":\"Protech Group Industrial Coating Solutions\",\"alternateName\":\"Protech Group\",\"url\":\"https:\\\/\\\/www.theprotechgroup.com\\\/fr\\\/\",\"logo\":{\"@id\":\"https:\\\/\\\/www.theprotechgroup.com\\\/fr\\\/conditions-de-vente-eu\\\/#local-main-organization-logo\"},\"image\":{\"@id\":\"https:\\\/\\\/www.theprotechgroup.com\\\/fr\\\/conditions-de-vente-eu\\\/#local-main-organization-logo\"},\"sameAs\":[\"https:\\\/\\\/www.linkedin.com\\\/company\\\/protechgroup\"],\"telephone\":[],\"openingHoursSpecification\":[{\"@type\":\"OpeningHoursSpecification\",\"dayOfWeek\":[\"Monday\",\"Tuesday\",\"Wednesday\",\"Thursday\",\"Friday\",\"Saturday\",\"Sunday\"],\"opens\":\"09:00\",\"closes\":\"17:00\"}]},{\"@type\":\"ImageObject\",\"inLanguage\":\"fr-FR\",\"@id\":\"https:\\\/\\\/www.theprotechgroup.com\\\/fr\\\/conditions-de-vente-eu\\\/#local-main-organization-logo\",\"url\":\"https:\\\/\\\/www.theprotechgroup.com\\\/wp-content\\\/uploads\\\/2025\\\/05\\\/cropped-Logo-PG-P-Only-Mix-on-Black-Background-JPG.jpg\",\"contentUrl\":\"https:\\\/\\\/www.theprotechgroup.com\\\/wp-content\\\/uploads\\\/2025\\\/05\\\/cropped-Logo-PG-P-Only-Mix-on-Black-Background-JPG.jpg\",\"width\":512,\"height\":512,\"caption\":\"Protech Group Industrial Coating Solutions\"}]}<\/script>\n<!-- \/ Yoast SEO Premium plugin. -->","yoast_head_json":{"title":"Conditions de vente - Le Groupe Protech - Solutions de rev\u00eatements industriels","robots":{"index":"index","follow":"follow","max-snippet":"max-snippet:-1","max-image-preview":"max-image-preview:large","max-video-preview":"max-video-preview:-1"},"canonical":"https:\/\/www.theprotechgroup.com\/fr\/conditions-de-vente-eu\/","og_locale":"fr_FR","og_type":"article","og_title":"Conditions de vente","og_description":"T\u00e9l\u00e9chargez nos conditions de vente europ\u00e9ennes Nos conditions de vente europ\u00e9ennes r\u00e9gissent la vente des produits Protech \u00e0 travers l\u2019Europe. Elles pr\u00e9cisent les modalit\u00e9s relatives aux commandes, aux prix, \u00e0 [&hellip;]","og_url":"https:\/\/www.theprotechgroup.com\/fr\/conditions-de-vente-eu\/","og_site_name":"Le Groupe Protech - Solutions de rev\u00eatements industriels","article_modified_time":"2026-02-17T19:00:36+00:00","og_image":[{"width":1774,"height":1163,"url":"https:\/\/www.theprotechgroup.com\/wp-content\/uploads\/2025\/05\/Banner-Blue.jpg","type":"image\/jpeg"}],"twitter_card":"summary_large_image","schema":{"@context":"https:\/\/schema.org","@graph":[{"@type":"WebPage","@id":"https:\/\/www.theprotechgroup.com\/fr\/conditions-de-vente-eu\/","url":"https:\/\/www.theprotechgroup.com\/fr\/conditions-de-vente-eu\/","name":"Conditions de vente - Le Groupe Protech - Solutions de rev\u00eatements industriels","isPartOf":{"@id":"https:\/\/www.theprotechgroup.com\/fr\/#website"},"primaryImageOfPage":{"@id":"https:\/\/www.theprotechgroup.com\/fr\/conditions-de-vente-eu\/#primaryimage"},"image":{"@id":"https:\/\/www.theprotechgroup.com\/fr\/conditions-de-vente-eu\/#primaryimage"},"thumbnailUrl":"https:\/\/www.theprotechgroup.com\/wp-content\/uploads\/2025\/05\/Banner-Blue.jpg","datePublished":"2026-01-27T16:45:35+00:00","dateModified":"2026-02-17T19:00:36+00:00","breadcrumb":{"@id":"https:\/\/www.theprotechgroup.com\/fr\/conditions-de-vente-eu\/#breadcrumb"},"inLanguage":"fr-FR","potentialAction":[{"@type":"ReadAction","target":["https:\/\/www.theprotechgroup.com\/fr\/conditions-de-vente-eu\/"]}]},{"@type":"ImageObject","inLanguage":"fr-FR","@id":"https:\/\/www.theprotechgroup.com\/fr\/conditions-de-vente-eu\/#primaryimage","url":"https:\/\/www.theprotechgroup.com\/wp-content\/uploads\/2025\/05\/Banner-Blue.jpg","contentUrl":"https:\/\/www.theprotechgroup.com\/wp-content\/uploads\/2025\/05\/Banner-Blue.jpg","width":1774,"height":1163,"caption":"Rev\u00eatements en poudre thermodurcissables"},{"@type":"BreadcrumbList","@id":"https:\/\/www.theprotechgroup.com\/fr\/conditions-de-vente-eu\/#breadcrumb","itemListElement":[{"@type":"ListItem","position":1,"name":"Home","item":"https:\/\/www.theprotechgroup.com\/fr\/"},{"@type":"ListItem","position":2,"name":"Conditions de vente"}]},{"@type":"WebSite","@id":"https:\/\/www.theprotechgroup.com\/fr\/#website","url":"https:\/\/www.theprotechgroup.com\/fr\/","name":"Protech Group Industrial Coating Solutions","description":"Fabricant de rev\u00eatements en poudre, de rev\u00eatements liquides et de mat\u00e9riaux sp\u00e9cialis\u00e9s","publisher":{"@id":"https:\/\/www.theprotechgroup.com\/fr\/#organization"},"potentialAction":[{"@type":"SearchAction","target":{"@type":"EntryPoint","urlTemplate":"https:\/\/www.theprotechgroup.com\/fr\/?s={search_term_string}"},"query-input":{"@type":"PropertyValueSpecification","valueRequired":true,"valueName":"search_term_string"}}],"inLanguage":"fr-FR"},{"@type":["Organization","Place"],"@id":"https:\/\/www.theprotechgroup.com\/fr\/#organization","name":"Protech Group Industrial Coating Solutions","alternateName":"Protech Group","url":"https:\/\/www.theprotechgroup.com\/fr\/","logo":{"@id":"https:\/\/www.theprotechgroup.com\/fr\/conditions-de-vente-eu\/#local-main-organization-logo"},"image":{"@id":"https:\/\/www.theprotechgroup.com\/fr\/conditions-de-vente-eu\/#local-main-organization-logo"},"sameAs":["https:\/\/www.linkedin.com\/company\/protechgroup"],"telephone":[],"openingHoursSpecification":[{"@type":"OpeningHoursSpecification","dayOfWeek":["Monday","Tuesday","Wednesday","Thursday","Friday","Saturday","Sunday"],"opens":"09:00","closes":"17:00"}]},{"@type":"ImageObject","inLanguage":"fr-FR","@id":"https:\/\/www.theprotechgroup.com\/fr\/conditions-de-vente-eu\/#local-main-organization-logo","url":"https:\/\/www.theprotechgroup.com\/wp-content\/uploads\/2025\/05\/cropped-Logo-PG-P-Only-Mix-on-Black-Background-JPG.jpg","contentUrl":"https:\/\/www.theprotechgroup.com\/wp-content\/uploads\/2025\/05\/cropped-Logo-PG-P-Only-Mix-on-Black-Background-JPG.jpg","width":512,"height":512,"caption":"Protech Group Industrial Coating Solutions"}]}},"ticketed":false,"_links":{"self":[{"href":"https:\/\/www.theprotechgroup.com\/fr\/wp-json\/wp\/v2\/pages\/6226","targetHints":{"allow":["GET"]}}],"collection":[{"href":"https:\/\/www.theprotechgroup.com\/fr\/wp-json\/wp\/v2\/pages"}],"about":[{"href":"https:\/\/www.theprotechgroup.com\/fr\/wp-json\/wp\/v2\/types\/page"}],"author":[{"embeddable":true,"href":"https:\/\/www.theprotechgroup.com\/fr\/wp-json\/wp\/v2\/users\/1"}],"replies":[{"embeddable":true,"href":"https:\/\/www.theprotechgroup.com\/fr\/wp-json\/wp\/v2\/comments?post=6226"}],"version-history":[{"count":0,"href":"https:\/\/www.theprotechgroup.com\/fr\/wp-json\/wp\/v2\/pages\/6226\/revisions"}],"wp:featuredmedia":[{"embeddable":true,"href":"https:\/\/www.theprotechgroup.com\/fr\/wp-json\/wp\/v2\/media\/721"}],"wp:attachment":[{"href":"https:\/\/www.theprotechgroup.com\/fr\/wp-json\/wp\/v2\/media?parent=6226"}],"curies":[{"name":"wp","href":"https:\/\/api.w.org\/{rel}","templated":true}]}}