{"id":6420,"date":"2026-02-16T11:13:46","date_gmt":"2026-02-16T16:13:46","guid":{"rendered":"https:\/\/www.theprotechgroup.com\/reseau-mondial\/"},"modified":"2026-03-06T16:20:20","modified_gmt":"2026-03-06T21:20:20","slug":"reseau-mondial","status":"publish","type":"page","link":"https:\/\/www.theprotechgroup.com\/fr\/reseau-mondial\/","title":{"rendered":"R\u00e9seau mondial"},"content":{"rendered":"<p data-start=\"105\" data-end=\"298\">Avec plus de 30 sites de production et de distribution \u00e0 travers le monde, le r\u00e9seau mondial du Groupe Protech garantit un service fiable, une expertise locale et une qualit\u00e9 constante sur chacun des march\u00e9s que nous desservons.<\/p>\n","protected":false},"excerpt":{"rendered":"<p>Avec plus de 30 sites de production et de distribution \u00e0 travers le monde, le r\u00e9seau mondial du Groupe Protech garantit un service fiable, une expertise locale et une qualit\u00e9 [&hellip;]<\/p>\n","protected":false},"author":1,"featured_media":1893,"parent":0,"menu_order":0,"comment_status":"closed","ping_status":"closed","template":"page-global_network.php","meta":{"_acf_changed":false,"_relevanssi_hide_post":"","_relevanssi_hide_content":"","_relevanssi_pin_for_all":"","_relevanssi_pin_keywords":"","_relevanssi_unpin_keywords":"","_relevanssi_related_keywords":"","_relevanssi_related_include_ids":"","_relevanssi_related_exclude_ids":"","_relevanssi_related_no_append":"","_relevanssi_related_not_related":"","_relevanssi_related_posts":"","_relevanssi_noindex_reason":"","_price":"","_stock":"","_tribe_ticket_header":"","_tribe_default_ticket_provider":"","_tribe_ticket_capacity":"0","_ticket_start_date":"","_ticket_end_date":"","_tribe_ticket_show_description":"","_tribe_ticket_show_not_going":false,"_tribe_ticket_use_global_stock":"","_tribe_ticket_global_stock_level":"","_global_stock_mode":"","_global_stock_cap":"","_tribe_rsvp_for_event":"","_tribe_ticket_going_count":"","_tribe_ticket_not_going_count":"","_tribe_tickets_list":"[]","_tribe_ticket_has_attendee_info_fields":false,"footnotes":"","_tec_slr_enabled":"","_tec_slr_layout":""},"class_list":["post-6420","page","type-page","status-publish","has-post-thumbnail","hentry"],"acf":[],"yoast_head":"<!-- This site is optimized with the Yoast SEO Premium plugin v27.5 (Yoast SEO v27.5) - https:\/\/yoast.com\/product\/yoast-seo-premium-wordpress\/ -->\n<title>R\u00e9seau mondial - Le Groupe Protech - Solutions de rev\u00eatements industriels<\/title>\n<meta name=\"robots\" content=\"index, follow, max-snippet:-1, max-image-preview:large, max-video-preview:-1\" \/>\n<link rel=\"canonical\" href=\"https:\/\/www.theprotechgroup.com\/fr\/reseau-mondial\/\" \/>\n<meta property=\"og:locale\" content=\"fr_FR\" \/>\n<meta property=\"og:type\" content=\"article\" \/>\n<meta property=\"og:title\" content=\"R\u00e9seau mondial\" \/>\n<meta property=\"og:description\" content=\"Avec plus de 30 sites de production et de distribution \u00e0 travers le monde, le r\u00e9seau mondial du Groupe Protech garantit un service fiable, une expertise locale et une qualit\u00e9 [&hellip;]\" \/>\n<meta property=\"og:url\" content=\"https:\/\/www.theprotechgroup.com\/fr\/reseau-mondial\/\" \/>\n<meta property=\"og:site_name\" content=\"Le Groupe Protech - Solutions de rev\u00eatements industriels\" \/>\n<meta property=\"article:modified_time\" content=\"2026-03-06T21:20:20+00:00\" \/>\n<meta property=\"og:image\" content=\"https:\/\/www.theprotechgroup.com\/wp-content\/uploads\/2025\/06\/Banner-Blue-Red.jpg\" \/>\n\t<meta property=\"og:image:width\" content=\"1774\" \/>\n\t<meta property=\"og:image:height\" content=\"1163\" \/>\n\t<meta property=\"og:image:type\" content=\"image\/jpeg\" \/>\n<meta name=\"twitter:card\" content=\"summary_large_image\" \/>\n<script type=\"application\/ld+json\" class=\"yoast-schema-graph\">{\"@context\":\"https:\\\/\\\/schema.org\",\"@graph\":[{\"@type\":\"WebPage\",\"@id\":\"https:\\\/\\\/www.theprotechgroup.com\\\/fr\\\/reseau-mondial\\\/\",\"url\":\"https:\\\/\\\/www.theprotechgroup.com\\\/fr\\\/reseau-mondial\\\/\",\"name\":\"R\u00e9seau mondial - Le Groupe Protech - Solutions de rev\u00eatements industriels\",\"isPartOf\":{\"@id\":\"https:\\\/\\\/www.theprotechgroup.com\\\/fr\\\/#website\"},\"primaryImageOfPage\":{\"@id\":\"https:\\\/\\\/www.theprotechgroup.com\\\/fr\\\/reseau-mondial\\\/#primaryimage\"},\"image\":{\"@id\":\"https:\\\/\\\/www.theprotechgroup.com\\\/fr\\\/reseau-mondial\\\/#primaryimage\"},\"thumbnailUrl\":\"https:\\\/\\\/www.theprotechgroup.com\\\/wp-content\\\/uploads\\\/2025\\\/06\\\/Banner-Blue-Red.jpg\",\"datePublished\":\"2026-02-16T16:13:46+00:00\",\"dateModified\":\"2026-03-06T21:20:20+00:00\",\"breadcrumb\":{\"@id\":\"https:\\\/\\\/www.theprotechgroup.com\\\/fr\\\/reseau-mondial\\\/#breadcrumb\"},\"inLanguage\":\"fr-FR\",\"potentialAction\":[{\"@type\":\"ReadAction\",\"target\":[\"https:\\\/\\\/www.theprotechgroup.com\\\/fr\\\/reseau-mondial\\\/\"]}]},{\"@type\":\"ImageObject\",\"inLanguage\":\"fr-FR\",\"@id\":\"https:\\\/\\\/www.theprotechgroup.com\\\/fr\\\/reseau-mondial\\\/#primaryimage\",\"url\":\"https:\\\/\\\/www.theprotechgroup.com\\\/wp-content\\\/uploads\\\/2025\\\/06\\\/Banner-Blue-Red.jpg\",\"contentUrl\":\"https:\\\/\\\/www.theprotechgroup.com\\\/wp-content\\\/uploads\\\/2025\\\/06\\\/Banner-Blue-Red.jpg\",\"width\":1774,\"height\":1163},{\"@type\":\"BreadcrumbList\",\"@id\":\"https:\\\/\\\/www.theprotechgroup.com\\\/fr\\\/reseau-mondial\\\/#breadcrumb\",\"itemListElement\":[{\"@type\":\"ListItem\",\"position\":1,\"name\":\"Home\",\"item\":\"https:\\\/\\\/www.theprotechgroup.com\\\/fr\\\/\"},{\"@type\":\"ListItem\",\"position\":2,\"name\":\"R\u00e9seau mondial\"}]},{\"@type\":\"WebSite\",\"@id\":\"https:\\\/\\\/www.theprotechgroup.com\\\/fr\\\/#website\",\"url\":\"https:\\\/\\\/www.theprotechgroup.com\\\/fr\\\/\",\"name\":\"Protech Group Industrial Coating Solutions\",\"description\":\"Fabricant de rev\u00eatements en poudre, de rev\u00eatements liquides et de mat\u00e9riaux sp\u00e9cialis\u00e9s\",\"publisher\":{\"@id\":\"https:\\\/\\\/www.theprotechgroup.com\\\/fr\\\/#organization\"},\"potentialAction\":[{\"@type\":\"SearchAction\",\"target\":{\"@type\":\"EntryPoint\",\"urlTemplate\":\"https:\\\/\\\/www.theprotechgroup.com\\\/fr\\\/?s={search_term_string}\"},\"query-input\":{\"@type\":\"PropertyValueSpecification\",\"valueRequired\":true,\"valueName\":\"search_term_string\"}}],\"inLanguage\":\"fr-FR\"},{\"@type\":[\"Organization\",\"Place\"],\"@id\":\"https:\\\/\\\/www.theprotechgroup.com\\\/fr\\\/#organization\",\"name\":\"Protech Group Industrial Coating Solutions\",\"alternateName\":\"Protech Group\",\"url\":\"https:\\\/\\\/www.theprotechgroup.com\\\/fr\\\/\",\"logo\":{\"@id\":\"https:\\\/\\\/www.theprotechgroup.com\\\/fr\\\/reseau-mondial\\\/#local-main-organization-logo\"},\"image\":{\"@id\":\"https:\\\/\\\/www.theprotechgroup.com\\\/fr\\\/reseau-mondial\\\/#local-main-organization-logo\"},\"sameAs\":[\"https:\\\/\\\/www.linkedin.com\\\/company\\\/protechgroup\"],\"telephone\":[],\"openingHoursSpecification\":[{\"@type\":\"OpeningHoursSpecification\",\"dayOfWeek\":[\"Monday\",\"Tuesday\",\"Wednesday\",\"Thursday\",\"Friday\",\"Saturday\",\"Sunday\"],\"opens\":\"09:00\",\"closes\":\"17:00\"}]},{\"@type\":\"ImageObject\",\"inLanguage\":\"fr-FR\",\"@id\":\"https:\\\/\\\/www.theprotechgroup.com\\\/fr\\\/reseau-mondial\\\/#local-main-organization-logo\",\"url\":\"https:\\\/\\\/www.theprotechgroup.com\\\/wp-content\\\/uploads\\\/2025\\\/05\\\/cropped-Logo-PG-P-Only-Mix-on-Black-Background-JPG.jpg\",\"contentUrl\":\"https:\\\/\\\/www.theprotechgroup.com\\\/wp-content\\\/uploads\\\/2025\\\/05\\\/cropped-Logo-PG-P-Only-Mix-on-Black-Background-JPG.jpg\",\"width\":512,\"height\":512,\"caption\":\"Protech Group Industrial Coating Solutions\"}]}<\/script>\n<!-- \/ Yoast SEO Premium plugin. -->","yoast_head_json":{"title":"R\u00e9seau mondial - Le Groupe Protech - Solutions de rev\u00eatements industriels","robots":{"index":"index","follow":"follow","max-snippet":"max-snippet:-1","max-image-preview":"max-image-preview:large","max-video-preview":"max-video-preview:-1"},"canonical":"https:\/\/www.theprotechgroup.com\/fr\/reseau-mondial\/","og_locale":"fr_FR","og_type":"article","og_title":"R\u00e9seau mondial","og_description":"Avec plus de 30 sites de production et de distribution \u00e0 travers le monde, le r\u00e9seau mondial du Groupe Protech garantit un service fiable, une expertise locale et une qualit\u00e9 [&hellip;]","og_url":"https:\/\/www.theprotechgroup.com\/fr\/reseau-mondial\/","og_site_name":"Le Groupe Protech - Solutions de rev\u00eatements industriels","article_modified_time":"2026-03-06T21:20:20+00:00","og_image":[{"width":1774,"height":1163,"url":"https:\/\/www.theprotechgroup.com\/wp-content\/uploads\/2025\/06\/Banner-Blue-Red.jpg","type":"image\/jpeg"}],"twitter_card":"summary_large_image","schema":{"@context":"https:\/\/schema.org","@graph":[{"@type":"WebPage","@id":"https:\/\/www.theprotechgroup.com\/fr\/reseau-mondial\/","url":"https:\/\/www.theprotechgroup.com\/fr\/reseau-mondial\/","name":"R\u00e9seau mondial - Le Groupe Protech - Solutions de rev\u00eatements industriels","isPartOf":{"@id":"https:\/\/www.theprotechgroup.com\/fr\/#website"},"primaryImageOfPage":{"@id":"https:\/\/www.theprotechgroup.com\/fr\/reseau-mondial\/#primaryimage"},"image":{"@id":"https:\/\/www.theprotechgroup.com\/fr\/reseau-mondial\/#primaryimage"},"thumbnailUrl":"https:\/\/www.theprotechgroup.com\/wp-content\/uploads\/2025\/06\/Banner-Blue-Red.jpg","datePublished":"2026-02-16T16:13:46+00:00","dateModified":"2026-03-06T21:20:20+00:00","breadcrumb":{"@id":"https:\/\/www.theprotechgroup.com\/fr\/reseau-mondial\/#breadcrumb"},"inLanguage":"fr-FR","potentialAction":[{"@type":"ReadAction","target":["https:\/\/www.theprotechgroup.com\/fr\/reseau-mondial\/"]}]},{"@type":"ImageObject","inLanguage":"fr-FR","@id":"https:\/\/www.theprotechgroup.com\/fr\/reseau-mondial\/#primaryimage","url":"https:\/\/www.theprotechgroup.com\/wp-content\/uploads\/2025\/06\/Banner-Blue-Red.jpg","contentUrl":"https:\/\/www.theprotechgroup.com\/wp-content\/uploads\/2025\/06\/Banner-Blue-Red.jpg","width":1774,"height":1163},{"@type":"BreadcrumbList","@id":"https:\/\/www.theprotechgroup.com\/fr\/reseau-mondial\/#breadcrumb","itemListElement":[{"@type":"ListItem","position":1,"name":"Home","item":"https:\/\/www.theprotechgroup.com\/fr\/"},{"@type":"ListItem","position":2,"name":"R\u00e9seau mondial"}]},{"@type":"WebSite","@id":"https:\/\/www.theprotechgroup.com\/fr\/#website","url":"https:\/\/www.theprotechgroup.com\/fr\/","name":"Protech Group Industrial Coating Solutions","description":"Fabricant de rev\u00eatements en poudre, de rev\u00eatements liquides et de mat\u00e9riaux sp\u00e9cialis\u00e9s","publisher":{"@id":"https:\/\/www.theprotechgroup.com\/fr\/#organization"},"potentialAction":[{"@type":"SearchAction","target":{"@type":"EntryPoint","urlTemplate":"https:\/\/www.theprotechgroup.com\/fr\/?s={search_term_string}"},"query-input":{"@type":"PropertyValueSpecification","valueRequired":true,"valueName":"search_term_string"}}],"inLanguage":"fr-FR"},{"@type":["Organization","Place"],"@id":"https:\/\/www.theprotechgroup.com\/fr\/#organization","name":"Protech Group Industrial Coating Solutions","alternateName":"Protech Group","url":"https:\/\/www.theprotechgroup.com\/fr\/","logo":{"@id":"https:\/\/www.theprotechgroup.com\/fr\/reseau-mondial\/#local-main-organization-logo"},"image":{"@id":"https:\/\/www.theprotechgroup.com\/fr\/reseau-mondial\/#local-main-organization-logo"},"sameAs":["https:\/\/www.linkedin.com\/company\/protechgroup"],"telephone":[],"openingHoursSpecification":[{"@type":"OpeningHoursSpecification","dayOfWeek":["Monday","Tuesday","Wednesday","Thursday","Friday","Saturday","Sunday"],"opens":"09:00","closes":"17:00"}]},{"@type":"ImageObject","inLanguage":"fr-FR","@id":"https:\/\/www.theprotechgroup.com\/fr\/reseau-mondial\/#local-main-organization-logo","url":"https:\/\/www.theprotechgroup.com\/wp-content\/uploads\/2025\/05\/cropped-Logo-PG-P-Only-Mix-on-Black-Background-JPG.jpg","contentUrl":"https:\/\/www.theprotechgroup.com\/wp-content\/uploads\/2025\/05\/cropped-Logo-PG-P-Only-Mix-on-Black-Background-JPG.jpg","width":512,"height":512,"caption":"Protech Group Industrial Coating Solutions"}]}},"ticketed":false,"_links":{"self":[{"href":"https:\/\/www.theprotechgroup.com\/fr\/wp-json\/wp\/v2\/pages\/6420","targetHints":{"allow":["GET"]}}],"collection":[{"href":"https:\/\/www.theprotechgroup.com\/fr\/wp-json\/wp\/v2\/pages"}],"about":[{"href":"https:\/\/www.theprotechgroup.com\/fr\/wp-json\/wp\/v2\/types\/page"}],"author":[{"embeddable":true,"href":"https:\/\/www.theprotechgroup.com\/fr\/wp-json\/wp\/v2\/users\/1"}],"replies":[{"embeddable":true,"href":"https:\/\/www.theprotechgroup.com\/fr\/wp-json\/wp\/v2\/comments?post=6420"}],"version-history":[{"count":0,"href":"https:\/\/www.theprotechgroup.com\/fr\/wp-json\/wp\/v2\/pages\/6420\/revisions"}],"wp:featuredmedia":[{"embeddable":true,"href":"https:\/\/www.theprotechgroup.com\/fr\/wp-json\/wp\/v2\/media\/1893"}],"wp:attachment":[{"href":"https:\/\/www.theprotechgroup.com\/fr\/wp-json\/wp\/v2\/media?parent=6420"}],"curies":[{"name":"wp","href":"https:\/\/api.w.org\/{rel}","templated":true}]}}