{"id":6660,"date":"2026-03-09T12:06:54","date_gmt":"2026-03-09T16:06:54","guid":{"rendered":"https:\/\/www.theprotechgroup.com\/depuis-plus-de-50-ans-le-groupe-protech-se-developpe-grace-a-linnovation-a-des-acquisitions-strategiques-et-a-des-investissements-continus-batissant-une-forte-presence-mondiale-dans-le-dom\/"},"modified":"2026-05-06T14:03:08","modified_gmt":"2026-05-06T18:03:08","slug":"jalons","status":"publish","type":"page","link":"https:\/\/www.theprotechgroup.com\/fr\/jalons\/","title":{"rendered":"Nos jalons"},"content":{"rendered":"<h3><strong>Acquisition de Loes Enterprises<\/strong><\/h3>\n","protected":false},"excerpt":{"rendered":"<p>Depuis plus de 50 ans, le Groupe Protech se d\u00e9veloppe gr\u00e2ce \u00e0 l\u2019innovation, \u00e0 des acquisitions strat\u00e9giques et \u00e0 des investissements continus, b\u00e2tissant une forte pr\u00e9sence mondiale dans le domaine des rev\u00eatements et des mat\u00e9riaux sp\u00e9cialis\u00e9s.<\/p>\n","protected":false},"author":1,"featured_media":1893,"parent":0,"menu_order":0,"comment_status":"closed","ping_status":"closed","template":"page-milestone.php","meta":{"_acf_changed":false,"_relevanssi_hide_post":"","_relevanssi_hide_content":"","_relevanssi_pin_for_all":"","_relevanssi_pin_keywords":"","_relevanssi_unpin_keywords":"","_relevanssi_related_keywords":"","_relevanssi_related_include_ids":"","_relevanssi_related_exclude_ids":"","_relevanssi_related_no_append":"","_relevanssi_related_not_related":"","_relevanssi_related_posts":"","_relevanssi_noindex_reason":"","_price":"","_stock":"","_tribe_ticket_header":"","_tribe_default_ticket_provider":"","_tribe_ticket_capacity":"0","_ticket_start_date":"","_ticket_end_date":"","_tribe_ticket_show_description":"","_tribe_ticket_show_not_going":false,"_tribe_ticket_use_global_stock":"","_tribe_ticket_global_stock_level":"","_global_stock_mode":"","_global_stock_cap":"","_tribe_rsvp_for_event":"","_tribe_ticket_going_count":"","_tribe_ticket_not_going_count":"","_tribe_tickets_list":"[]","_tribe_ticket_has_attendee_info_fields":false,"footnotes":"","_tec_slr_enabled":"","_tec_slr_layout":""},"class_list":["post-6660","page","type-page","status-publish","has-post-thumbnail","hentry"],"acf":[],"yoast_head":"<!-- This site is optimized with the Yoast SEO Premium plugin v27.5 (Yoast SEO v27.5) - https:\/\/yoast.com\/product\/yoast-seo-premium-wordpress\/ -->\n<title>Nos jalons - Le Groupe Protech - Solutions de rev\u00eatements industriels<\/title>\n<meta name=\"robots\" content=\"index, follow, max-snippet:-1, max-image-preview:large, max-video-preview:-1\" \/>\n<link rel=\"canonical\" href=\"https:\/\/www.theprotechgroup.com\/fr\/jalons\/\" \/>\n<meta property=\"og:locale\" content=\"fr_FR\" \/>\n<meta property=\"og:type\" content=\"article\" \/>\n<meta property=\"og:title\" content=\"Nos jalons\" \/>\n<meta property=\"og:description\" content=\"Depuis plus de 50 ans, le Groupe Protech se d\u00e9veloppe gr\u00e2ce \u00e0 l\u2019innovation, \u00e0 des acquisitions strat\u00e9giques et \u00e0 des investissements continus, b\u00e2tissant une forte pr\u00e9sence mondiale dans le domaine des rev\u00eatements et des mat\u00e9riaux sp\u00e9cialis\u00e9s.\" \/>\n<meta property=\"og:url\" content=\"https:\/\/www.theprotechgroup.com\/fr\/jalons\/\" \/>\n<meta property=\"og:site_name\" content=\"Le Groupe Protech - Solutions de rev\u00eatements industriels\" \/>\n<meta property=\"article:modified_time\" content=\"2026-05-06T18:03:08+00:00\" \/>\n<meta property=\"og:image\" content=\"https:\/\/www.theprotechgroup.com\/wp-content\/uploads\/2025\/06\/Banner-Blue-Red.jpg\" \/>\n\t<meta property=\"og:image:width\" content=\"1774\" \/>\n\t<meta property=\"og:image:height\" content=\"1163\" \/>\n\t<meta property=\"og:image:type\" content=\"image\/jpeg\" \/>\n<meta name=\"twitter:card\" content=\"summary_large_image\" \/>\n<meta name=\"twitter:label1\" content=\"Dur\u00e9e de lecture estim\u00e9e\" \/>\n\t<meta name=\"twitter:data1\" content=\"1 minute\" \/>\n<script type=\"application\/ld+json\" class=\"yoast-schema-graph\">{\"@context\":\"https:\\\/\\\/schema.org\",\"@graph\":[{\"@type\":\"WebPage\",\"@id\":\"https:\\\/\\\/www.theprotechgroup.com\\\/fr\\\/jalons\\\/\",\"url\":\"https:\\\/\\\/www.theprotechgroup.com\\\/fr\\\/jalons\\\/\",\"name\":\"Nos jalons - Le Groupe Protech - Solutions de rev\u00eatements industriels\",\"isPartOf\":{\"@id\":\"https:\\\/\\\/www.theprotechgroup.com\\\/fr\\\/#website\"},\"primaryImageOfPage\":{\"@id\":\"https:\\\/\\\/www.theprotechgroup.com\\\/fr\\\/jalons\\\/#primaryimage\"},\"image\":{\"@id\":\"https:\\\/\\\/www.theprotechgroup.com\\\/fr\\\/jalons\\\/#primaryimage\"},\"thumbnailUrl\":\"https:\\\/\\\/www.theprotechgroup.com\\\/wp-content\\\/uploads\\\/2025\\\/06\\\/Banner-Blue-Red.jpg\",\"datePublished\":\"2026-03-09T16:06:54+00:00\",\"dateModified\":\"2026-05-06T18:03:08+00:00\",\"breadcrumb\":{\"@id\":\"https:\\\/\\\/www.theprotechgroup.com\\\/fr\\\/jalons\\\/#breadcrumb\"},\"inLanguage\":\"fr-FR\",\"potentialAction\":[{\"@type\":\"ReadAction\",\"target\":[\"https:\\\/\\\/www.theprotechgroup.com\\\/fr\\\/jalons\\\/\"]}]},{\"@type\":\"ImageObject\",\"inLanguage\":\"fr-FR\",\"@id\":\"https:\\\/\\\/www.theprotechgroup.com\\\/fr\\\/jalons\\\/#primaryimage\",\"url\":\"https:\\\/\\\/www.theprotechgroup.com\\\/wp-content\\\/uploads\\\/2025\\\/06\\\/Banner-Blue-Red.jpg\",\"contentUrl\":\"https:\\\/\\\/www.theprotechgroup.com\\\/wp-content\\\/uploads\\\/2025\\\/06\\\/Banner-Blue-Red.jpg\",\"width\":1774,\"height\":1163},{\"@type\":\"BreadcrumbList\",\"@id\":\"https:\\\/\\\/www.theprotechgroup.com\\\/fr\\\/jalons\\\/#breadcrumb\",\"itemListElement\":[{\"@type\":\"ListItem\",\"position\":1,\"name\":\"Home\",\"item\":\"https:\\\/\\\/www.theprotechgroup.com\\\/fr\\\/solutions-revetements-industriels\\\/\"},{\"@type\":\"ListItem\",\"position\":2,\"name\":\"Nos jalons\"}]},{\"@type\":\"WebSite\",\"@id\":\"https:\\\/\\\/www.theprotechgroup.com\\\/fr\\\/#website\",\"url\":\"https:\\\/\\\/www.theprotechgroup.com\\\/fr\\\/\",\"name\":\"Protech Group Industrial Coating Solutions\",\"description\":\"Fabricant de rev\u00eatements en poudre, de rev\u00eatements liquides et de mat\u00e9riaux sp\u00e9cialis\u00e9s\",\"publisher\":{\"@id\":\"https:\\\/\\\/www.theprotechgroup.com\\\/fr\\\/#organization\"},\"potentialAction\":[{\"@type\":\"SearchAction\",\"target\":{\"@type\":\"EntryPoint\",\"urlTemplate\":\"https:\\\/\\\/www.theprotechgroup.com\\\/fr\\\/?s={search_term_string}\"},\"query-input\":{\"@type\":\"PropertyValueSpecification\",\"valueRequired\":true,\"valueName\":\"search_term_string\"}}],\"inLanguage\":\"fr-FR\"},{\"@type\":[\"Organization\",\"Place\"],\"@id\":\"https:\\\/\\\/www.theprotechgroup.com\\\/fr\\\/#organization\",\"name\":\"Protech Group Industrial Coating Solutions\",\"alternateName\":\"Protech Group\",\"url\":\"https:\\\/\\\/www.theprotechgroup.com\\\/fr\\\/\",\"logo\":{\"@id\":\"https:\\\/\\\/www.theprotechgroup.com\\\/fr\\\/jalons\\\/#local-main-organization-logo\"},\"image\":{\"@id\":\"https:\\\/\\\/www.theprotechgroup.com\\\/fr\\\/jalons\\\/#local-main-organization-logo\"},\"sameAs\":[\"https:\\\/\\\/www.linkedin.com\\\/company\\\/protechgroup\"],\"telephone\":[],\"openingHoursSpecification\":[{\"@type\":\"OpeningHoursSpecification\",\"dayOfWeek\":[\"Monday\",\"Tuesday\",\"Wednesday\",\"Thursday\",\"Friday\",\"Saturday\",\"Sunday\"],\"opens\":\"09:00\",\"closes\":\"17:00\"}]},{\"@type\":\"ImageObject\",\"inLanguage\":\"fr-FR\",\"@id\":\"https:\\\/\\\/www.theprotechgroup.com\\\/fr\\\/jalons\\\/#local-main-organization-logo\",\"url\":\"https:\\\/\\\/www.theprotechgroup.com\\\/wp-content\\\/uploads\\\/2025\\\/05\\\/cropped-Logo-PG-P-Only-Mix-on-Black-Background-JPG.jpg\",\"contentUrl\":\"https:\\\/\\\/www.theprotechgroup.com\\\/wp-content\\\/uploads\\\/2025\\\/05\\\/cropped-Logo-PG-P-Only-Mix-on-Black-Background-JPG.jpg\",\"width\":512,\"height\":512,\"caption\":\"Protech Group Industrial Coating Solutions\"}]}<\/script>\n<!-- \/ Yoast SEO Premium plugin. -->","yoast_head_json":{"title":"Nos jalons - Le Groupe Protech - Solutions de rev\u00eatements industriels","robots":{"index":"index","follow":"follow","max-snippet":"max-snippet:-1","max-image-preview":"max-image-preview:large","max-video-preview":"max-video-preview:-1"},"canonical":"https:\/\/www.theprotechgroup.com\/fr\/jalons\/","og_locale":"fr_FR","og_type":"article","og_title":"Nos jalons","og_description":"Depuis plus de 50 ans, le Groupe Protech se d\u00e9veloppe gr\u00e2ce \u00e0 l\u2019innovation, \u00e0 des acquisitions strat\u00e9giques et \u00e0 des investissements continus, b\u00e2tissant une forte pr\u00e9sence mondiale dans le domaine des rev\u00eatements et des mat\u00e9riaux sp\u00e9cialis\u00e9s.","og_url":"https:\/\/www.theprotechgroup.com\/fr\/jalons\/","og_site_name":"Le Groupe Protech - Solutions de rev\u00eatements industriels","article_modified_time":"2026-05-06T18:03:08+00:00","og_image":[{"width":1774,"height":1163,"url":"https:\/\/www.theprotechgroup.com\/wp-content\/uploads\/2025\/06\/Banner-Blue-Red.jpg","type":"image\/jpeg"}],"twitter_card":"summary_large_image","twitter_misc":{"Dur\u00e9e de lecture estim\u00e9e":"1 minute"},"schema":{"@context":"https:\/\/schema.org","@graph":[{"@type":"WebPage","@id":"https:\/\/www.theprotechgroup.com\/fr\/jalons\/","url":"https:\/\/www.theprotechgroup.com\/fr\/jalons\/","name":"Nos jalons - Le Groupe Protech - Solutions de rev\u00eatements industriels","isPartOf":{"@id":"https:\/\/www.theprotechgroup.com\/fr\/#website"},"primaryImageOfPage":{"@id":"https:\/\/www.theprotechgroup.com\/fr\/jalons\/#primaryimage"},"image":{"@id":"https:\/\/www.theprotechgroup.com\/fr\/jalons\/#primaryimage"},"thumbnailUrl":"https:\/\/www.theprotechgroup.com\/wp-content\/uploads\/2025\/06\/Banner-Blue-Red.jpg","datePublished":"2026-03-09T16:06:54+00:00","dateModified":"2026-05-06T18:03:08+00:00","breadcrumb":{"@id":"https:\/\/www.theprotechgroup.com\/fr\/jalons\/#breadcrumb"},"inLanguage":"fr-FR","potentialAction":[{"@type":"ReadAction","target":["https:\/\/www.theprotechgroup.com\/fr\/jalons\/"]}]},{"@type":"ImageObject","inLanguage":"fr-FR","@id":"https:\/\/www.theprotechgroup.com\/fr\/jalons\/#primaryimage","url":"https:\/\/www.theprotechgroup.com\/wp-content\/uploads\/2025\/06\/Banner-Blue-Red.jpg","contentUrl":"https:\/\/www.theprotechgroup.com\/wp-content\/uploads\/2025\/06\/Banner-Blue-Red.jpg","width":1774,"height":1163},{"@type":"BreadcrumbList","@id":"https:\/\/www.theprotechgroup.com\/fr\/jalons\/#breadcrumb","itemListElement":[{"@type":"ListItem","position":1,"name":"Home","item":"https:\/\/www.theprotechgroup.com\/fr\/solutions-revetements-industriels\/"},{"@type":"ListItem","position":2,"name":"Nos jalons"}]},{"@type":"WebSite","@id":"https:\/\/www.theprotechgroup.com\/fr\/#website","url":"https:\/\/www.theprotechgroup.com\/fr\/","name":"Protech Group Industrial Coating Solutions","description":"Fabricant de rev\u00eatements en poudre, de rev\u00eatements liquides et de mat\u00e9riaux sp\u00e9cialis\u00e9s","publisher":{"@id":"https:\/\/www.theprotechgroup.com\/fr\/#organization"},"potentialAction":[{"@type":"SearchAction","target":{"@type":"EntryPoint","urlTemplate":"https:\/\/www.theprotechgroup.com\/fr\/?s={search_term_string}"},"query-input":{"@type":"PropertyValueSpecification","valueRequired":true,"valueName":"search_term_string"}}],"inLanguage":"fr-FR"},{"@type":["Organization","Place"],"@id":"https:\/\/www.theprotechgroup.com\/fr\/#organization","name":"Protech Group Industrial Coating Solutions","alternateName":"Protech Group","url":"https:\/\/www.theprotechgroup.com\/fr\/","logo":{"@id":"https:\/\/www.theprotechgroup.com\/fr\/jalons\/#local-main-organization-logo"},"image":{"@id":"https:\/\/www.theprotechgroup.com\/fr\/jalons\/#local-main-organization-logo"},"sameAs":["https:\/\/www.linkedin.com\/company\/protechgroup"],"telephone":[],"openingHoursSpecification":[{"@type":"OpeningHoursSpecification","dayOfWeek":["Monday","Tuesday","Wednesday","Thursday","Friday","Saturday","Sunday"],"opens":"09:00","closes":"17:00"}]},{"@type":"ImageObject","inLanguage":"fr-FR","@id":"https:\/\/www.theprotechgroup.com\/fr\/jalons\/#local-main-organization-logo","url":"https:\/\/www.theprotechgroup.com\/wp-content\/uploads\/2025\/05\/cropped-Logo-PG-P-Only-Mix-on-Black-Background-JPG.jpg","contentUrl":"https:\/\/www.theprotechgroup.com\/wp-content\/uploads\/2025\/05\/cropped-Logo-PG-P-Only-Mix-on-Black-Background-JPG.jpg","width":512,"height":512,"caption":"Protech Group Industrial Coating Solutions"}]}},"ticketed":false,"_links":{"self":[{"href":"https:\/\/www.theprotechgroup.com\/fr\/wp-json\/wp\/v2\/pages\/6660","targetHints":{"allow":["GET"]}}],"collection":[{"href":"https:\/\/www.theprotechgroup.com\/fr\/wp-json\/wp\/v2\/pages"}],"about":[{"href":"https:\/\/www.theprotechgroup.com\/fr\/wp-json\/wp\/v2\/types\/page"}],"author":[{"embeddable":true,"href":"https:\/\/www.theprotechgroup.com\/fr\/wp-json\/wp\/v2\/users\/1"}],"replies":[{"embeddable":true,"href":"https:\/\/www.theprotechgroup.com\/fr\/wp-json\/wp\/v2\/comments?post=6660"}],"version-history":[{"count":0,"href":"https:\/\/www.theprotechgroup.com\/fr\/wp-json\/wp\/v2\/pages\/6660\/revisions"}],"wp:featuredmedia":[{"embeddable":true,"href":"https:\/\/www.theprotechgroup.com\/fr\/wp-json\/wp\/v2\/media\/1893"}],"wp:attachment":[{"href":"https:\/\/www.theprotechgroup.com\/fr\/wp-json\/wp\/v2\/media?parent=6660"}],"curies":[{"name":"wp","href":"https:\/\/api.w.org\/{rel}","templated":true}]}}